{"id":3949,"date":"2019-01-30T09:38:14","date_gmt":"2019-01-30T08:38:14","guid":{"rendered":"http:\/\/filharmoniapoznanska.pl\/contact-us\/dzialy-i-kierownicy\/"},"modified":"2023-06-22T20:17:44","modified_gmt":"2023-06-22T18:17:44","slug":"departmens-and-their-heads","status":"publish","type":"page","link":"https:\/\/filharmoniapoznanska.pl\/en\/contact-us\/departmens-and-their-heads\/","title":{"rendered":"departmens and their heads"},"content":{"rendered":"<div id=\"pl-3949\"  class=\"panel-layout\" ><div id=\"pg-3949-0\"  class=\"panel-grid panel-has-style\" ><div class=\"text-xs-center panel-row-style panel-row-style-for-3949-0\" ><div id=\"pgc-3949-0-0\"  class=\"panel-grid-cell\" ><div id=\"panel-3949-0-0-0\" class=\"so-panel widget widget_sow-editor panel-first-child panel-last-child\" data-index=\"0\" ><div\n\t\t\t\n\t\t\tclass=\"so-widget-sow-editor so-widget-sow-editor-base\"\n\t\t\t\n\t\t>\n<div class=\"siteorigin-widget-tinymce textwidget\">\n\t<p><span style=\"color: #9d000e;\"><strong>Accounting Dept.<\/strong><\/span><\/p>\n<\/div>\n<\/div><\/div><\/div><\/div><\/div><div id=\"pg-3949-1\"  class=\"panel-grid panel-no-style\" ><div id=\"pgc-3949-1-0\"  class=\"panel-grid-cell\" ><div id=\"panel-3949-1-0-0\" class=\"so-panel widget widget_sow-image panel-first-child panel-last-child\" data-index=\"1\" ><div\n\t\t\t\n\t\t\tclass=\"so-widget-sow-image so-widget-sow-image-default-113ccd71f3e6-3949\"\n\t\t\t\n\t\t>\n<div class=\"sow-image-container\">\n\t\t<img \n\tsrc=\"https:\/\/filharmoniapoznanska.pl\/wp-content\/uploads\/2019\/02\/malgorzata_bartol_krzemkowska.jpg\" width=\"102\" height=\"102\" sizes=\"(max-width: 102px) 100vw, 102px\" alt=\"Ma\u0142gorzata BARTOL-KRZEMKOWSKA\" \t\tclass=\"so-widget-image\"\/>\n\t<\/div>\n\n<\/div><\/div><\/div><div id=\"pgc-3949-1-1\"  class=\"panel-grid-cell\" ><div id=\"panel-3949-1-1-0\" class=\"so-panel widget widget_sow-editor panel-first-child panel-last-child\" data-index=\"2\" ><div class=\"text-xs-center panel-widget-style panel-widget-style-for-3949-1-1-0\" ><div\n\t\t\t\n\t\t\tclass=\"so-widget-sow-editor so-widget-sow-editor-base\"\n\t\t\t\n\t\t>\n<div class=\"siteorigin-widget-tinymce textwidget\">\n\t<p class=\"name\"><span style=\"color: #000000;\"><strong>Ma\u0142gorzata<span class=\"uppercase\">\u00a0BARTOL-KRZEMKOWSKA<\/span><\/strong><\/span><br \/>\nChief Accountant<br \/>\n<a href=\"mailto:mkrzemkowska@filharmoniapoznanska.pl\">mkrzemkowska@filharmoniapoznanska.pl<\/a><\/p>\n<\/div>\n<\/div><\/div><\/div><\/div><\/div><div id=\"pg-3949-2\"  class=\"panel-grid panel-has-style\" ><div class=\"text-xs-center panel-row-style panel-row-style-for-3949-2\" ><div id=\"pgc-3949-2-0\"  class=\"panel-grid-cell\" ><div id=\"panel-3949-2-0-0\" class=\"so-panel widget widget_sow-editor panel-first-child panel-last-child\" data-index=\"3\" ><div\n\t\t\t\n\t\t\tclass=\"so-widget-sow-editor so-widget-sow-editor-base\"\n\t\t\t\n\t\t>\n<div class=\"siteorigin-widget-tinymce textwidget\">\n\t<p><span style=\"color: #9d000e;\"><strong>Artistic Coordination Dept.<\/strong><\/span><\/p>\n<\/div>\n<\/div><\/div><\/div><\/div><\/div><div id=\"pg-3949-3\"  class=\"panel-grid panel-no-style\" ><div id=\"pgc-3949-3-0\"  class=\"panel-grid-cell\" ><div id=\"panel-3949-3-0-0\" class=\"so-panel widget widget_sow-image panel-first-child panel-last-child\" data-index=\"4\" ><div\n\t\t\t\n\t\t\tclass=\"so-widget-sow-image so-widget-sow-image-default-113ccd71f3e6-3949\"\n\t\t\t\n\t\t>\n<div class=\"sow-image-container\">\n\t\t<img \n\tsrc=\"https:\/\/filharmoniapoznanska.pl\/wp-content\/uploads\/2019\/02\/DSC_00241-e1429606293385-102x102.jpg\" width=\"102\" height=\"102\" sizes=\"(max-width: 102px) 100vw, 102px\" title=\"DSC_00241-e1429606293385-102&#215;102\" alt=\"Anna PLENZLER\" \t\tclass=\"so-widget-image\"\/>\n\t<\/div>\n\n<\/div><\/div><\/div><div id=\"pgc-3949-3-1\"  class=\"panel-grid-cell\" ><div id=\"panel-3949-3-1-0\" class=\"so-panel widget widget_sow-editor panel-first-child panel-last-child\" data-index=\"5\" ><div class=\"text-xs-center panel-widget-style panel-widget-style-for-3949-3-1-0\" ><div\n\t\t\t\n\t\t\tclass=\"so-widget-sow-editor so-widget-sow-editor-base\"\n\t\t\t\n\t\t>\n<div class=\"siteorigin-widget-tinymce textwidget\">\n\t<p class=\"name\"><span style=\"color: #000000;\"><strong>Anna<span class=\"uppercase\">\u00a0PLENZLER<\/span><\/strong><\/span><br \/>\nManager, Artistic Coordination Dept.<br \/>\n<a class=\"%%MAIL-CLASS1%%\" href=\"mailto:aplenzler@filharmoniapoznanska.pl\">aplenzler@filharmoniapoznanska.pl<\/a><\/p>\n<\/div>\n<\/div><\/div><\/div><\/div><\/div><div id=\"pg-3949-4\"  class=\"panel-grid panel-no-style\" ><div id=\"pgc-3949-4-0\"  class=\"panel-grid-cell\" ><div id=\"panel-3949-4-0-0\" class=\"so-panel widget widget_sow-image panel-first-child panel-last-child\" data-index=\"6\" ><div\n\t\t\t\n\t\t\tclass=\"so-widget-sow-image so-widget-sow-image-default-113ccd71f3e6-3949\"\n\t\t\t\n\t\t>\n<div class=\"sow-image-container\">\n\t\t<img \n\tsrc=\"https:\/\/filharmoniapoznanska.pl\/wp-content\/uploads\/2019\/02\/Justyna-Kroschel-102x102.jpg\" width=\"102\" height=\"102\" sizes=\"(max-width: 102px) 100vw, 102px\" title=\"Justyna-Kroschel-102&#215;102\" alt=\"Justyna KROSCHEL\" \t\tclass=\"so-widget-image\"\/>\n\t<\/div>\n\n<\/div><\/div><\/div><div id=\"pgc-3949-4-1\"  class=\"panel-grid-cell\" ><div id=\"panel-3949-4-1-0\" class=\"so-panel widget widget_sow-editor panel-first-child panel-last-child\" data-index=\"7\" ><div class=\"text-xs-center panel-widget-style panel-widget-style-for-3949-4-1-0\" ><div\n\t\t\t\n\t\t\tclass=\"so-widget-sow-editor so-widget-sow-editor-base\"\n\t\t\t\n\t\t>\n<div class=\"siteorigin-widget-tinymce textwidget\">\n\t<p class=\"name\"><span style=\"color: #000000;\"><strong>Justyna<span class=\"uppercase\">\u00a0KROSCHEL<\/span><\/strong><\/span><br \/>\nSenior Specialist, Artistic Coordination Dept.<br \/>\n<a class=\"%%MAIL-CLASS1%%\" href=\"mailto:jkroschel@filharmoniapoznanska.pl\">jkroschel@filharmoniapoznanska.pl<\/a><\/p>\n<\/div>\n<\/div><\/div><\/div><\/div><\/div><div id=\"pg-3949-5\"  class=\"panel-grid panel-has-style\" ><div class=\"text-xs-center panel-row-style panel-row-style-for-3949-5\" ><div id=\"pgc-3949-5-0\"  class=\"panel-grid-cell\" ><div id=\"panel-3949-5-0-0\" class=\"so-panel widget widget_sow-editor panel-first-child panel-last-child\" data-index=\"8\" ><div\n\t\t\t\n\t\t\tclass=\"so-widget-sow-editor so-widget-sow-editor-base\"\n\t\t\t\n\t\t>\n<div class=\"siteorigin-widget-tinymce textwidget\">\n\t<p><span style=\"color: #9d000e;\"><strong>Pro Sinfonika Concert Dept.<\/strong><\/span><\/p>\n<\/div>\n<\/div><\/div><\/div><\/div><\/div><div id=\"pg-3949-6\"  class=\"panel-grid panel-no-style\" ><div id=\"pgc-3949-6-0\"  class=\"panel-grid-cell\" ><div id=\"panel-3949-6-0-0\" class=\"so-panel widget widget_sow-image panel-first-child panel-last-child\" data-index=\"9\" ><div\n\t\t\t\n\t\t\tclass=\"so-widget-sow-image so-widget-sow-image-default-113ccd71f3e6-3949\"\n\t\t\t\n\t\t>\n<div class=\"sow-image-container\">\n\t\t<img \n\tsrc=\"https:\/\/filharmoniapoznanska.pl\/wp-content\/uploads\/2019\/02\/marlena_gnatowicz.jpg\" width=\"102\" height=\"102\" sizes=\"(max-width: 102px) 100vw, 102px\" alt=\"Marlena GNATOWICZ-DROBNIK\" \t\tclass=\"so-widget-image\"\/>\n\t<\/div>\n\n<\/div><\/div><\/div><div id=\"pgc-3949-6-1\"  class=\"panel-grid-cell\" ><div id=\"panel-3949-6-1-0\" class=\"so-panel widget widget_sow-editor panel-first-child panel-last-child\" data-index=\"10\" ><div class=\"text-xs-center panel-widget-style panel-widget-style-for-3949-6-1-0\" ><div\n\t\t\t\n\t\t\tclass=\"so-widget-sow-editor so-widget-sow-editor-base\"\n\t\t\t\n\t\t>\n<div class=\"siteorigin-widget-tinymce textwidget\">\n\t<p class=\"name\"><span style=\"color: #000000;\"><strong>Marlena<span class=\"uppercase\">\u00a0GNATOWICZ<\/span><\/strong><\/span><br \/>\nArtistic Director, Pro Sinfonika Concert Dept.<br \/>\n<a href=\"mailto:mgnatowicz@filharmoniapoznanska.pl\">mgnatowicz@filharmoniapoznanska.pl<\/a><\/p>\n<\/div>\n<\/div><\/div><\/div><\/div><\/div><div id=\"pg-3949-7\"  class=\"panel-grid panel-has-style\" ><div class=\"text-xs-center panel-row-style panel-row-style-for-3949-7\" ><div id=\"pgc-3949-7-0\"  class=\"panel-grid-cell\" ><div id=\"panel-3949-7-0-0\" class=\"so-panel widget widget_sow-editor panel-first-child panel-last-child\" data-index=\"11\" ><div class=\"panel-widget-style panel-widget-style-for-3949-7-0-0\" ><div\n\t\t\t\n\t\t\tclass=\"so-widget-sow-editor so-widget-sow-editor-base\"\n\t\t\t\n\t\t>\n<div class=\"siteorigin-widget-tinymce textwidget\">\n\t<p><span style=\"color: #9d000e;\"><strong>Promotion and Marketing Dept.<\/strong><\/span><\/p>\n<\/div>\n<\/div><\/div><\/div><\/div><\/div><\/div><div id=\"pg-3949-8\"  class=\"panel-grid panel-no-style\" ><div id=\"pgc-3949-8-0\"  class=\"panel-grid-cell\" ><div id=\"panel-3949-8-0-0\" class=\"so-panel widget widget_sow-image panel-first-child panel-last-child\" data-index=\"12\" ><div class=\"panel-widget-style panel-widget-style-for-3949-8-0-0\" ><div\n\t\t\t\n\t\t\tclass=\"so-widget-sow-image so-widget-sow-image-default-113ccd71f3e6-3949\"\n\t\t\t\n\t\t>\n<div class=\"sow-image-container\">\n\t\t<img \n\tsrc=\"https:\/\/filharmoniapoznanska.pl\/wp-content\/uploads\/2019\/02\/katarzyna_banaszak.jpg\" width=\"102\" height=\"102\" sizes=\"(max-width: 102px) 100vw, 102px\" alt=\"Katarzyna BANASZAK\" \t\tclass=\"so-widget-image\"\/>\n\t<\/div>\n\n<\/div><\/div><\/div><\/div><div id=\"pgc-3949-8-1\"  class=\"panel-grid-cell\" ><div id=\"panel-3949-8-1-0\" class=\"so-panel widget widget_sow-editor panel-first-child panel-last-child\" data-index=\"13\" ><div class=\"text-xs-center panel-widget-style panel-widget-style-for-3949-8-1-0\" ><div\n\t\t\t\n\t\t\tclass=\"so-widget-sow-editor so-widget-sow-editor-base\"\n\t\t\t\n\t\t>\n<div class=\"siteorigin-widget-tinymce textwidget\">\n\t<p class=\"name\"><span style=\"color: #000000;\"><strong>Katarzyna<span class=\"uppercase\">\u00a0BANASZAK<\/span><\/strong><\/span><br \/>\nManager, Promotion and Marketing Dept.<br \/>\n<a class=\"%%MAIL-CLASS1%%\" href=\"mailto:kbanaszak@filharmoniapoznanska.pl\">kbanaszak@filharmoniapoznanska.pl<\/a><\/p>\n<\/div>\n<\/div><\/div><\/div><\/div><\/div><div id=\"pg-3949-9\"  class=\"panel-grid panel-has-style\" ><div class=\"text-xs-center panel-row-style panel-row-style-for-3949-9\" ><div id=\"pgc-3949-9-0\"  class=\"panel-grid-cell\" ><div id=\"panel-3949-9-0-0\" class=\"so-panel widget widget_sow-editor panel-first-child panel-last-child\" data-index=\"14\" ><div\n\t\t\t\n\t\t\tclass=\"so-widget-sow-editor so-widget-sow-editor-base\"\n\t\t\t\n\t\t>\n<div class=\"siteorigin-widget-tinymce textwidget\">\n\t<p><span style=\"color: #9d000e;\"><strong>Audience Relations Dept. and Box Office<\/strong><\/span><\/p>\n<\/div>\n<\/div><\/div><\/div><\/div><\/div><div id=\"pg-3949-10\"  class=\"panel-grid panel-no-style\" ><div id=\"pgc-3949-10-0\"  class=\"panel-grid-cell\" ><div id=\"panel-3949-10-0-0\" class=\"so-panel widget widget_sow-image panel-first-child panel-last-child\" data-index=\"15\" ><div\n\t\t\t\n\t\t\tclass=\"so-widget-sow-image so-widget-sow-image-default-113ccd71f3e6-3949\"\n\t\t\t\n\t\t>\n<div class=\"sow-image-container\">\n\t\t<img \n\tsrc=\"https:\/\/filharmoniapoznanska.pl\/wp-content\/uploads\/2019\/02\/bernadeta_gliszczynska.jpg\" width=\"102\" height=\"102\" sizes=\"(max-width: 102px) 100vw, 102px\" alt=\"Bernadeta GLISZCZY\u0143SKA\" \t\tclass=\"so-widget-image\"\/>\n\t<\/div>\n\n<\/div><\/div><\/div><div id=\"pgc-3949-10-1\"  class=\"panel-grid-cell\" ><div id=\"panel-3949-10-1-0\" class=\"so-panel widget widget_sow-editor panel-first-child panel-last-child\" data-index=\"16\" ><div class=\"text-xs-center panel-widget-style panel-widget-style-for-3949-10-1-0\" ><div\n\t\t\t\n\t\t\tclass=\"so-widget-sow-editor so-widget-sow-editor-base\"\n\t\t\t\n\t\t>\n<div class=\"siteorigin-widget-tinymce textwidget\">\n\t<p class=\"name\"><span style=\"color: #000000;\"><strong>Bernadeta<span class=\"uppercase\">\u00a0GLISZCZY\u0143SKA<\/span><\/strong><\/span><br \/>\nManager, Audience Relations Dept.<br \/>\n<a href=\"mailto:bgliszczynska@filharmoniapoznanska.pl\">bgliszczynska@filharmoniapoznanska.pl<\/a><\/p>\n<\/div>\n<\/div><\/div><\/div><\/div><\/div><div id=\"pg-3949-11\"  class=\"panel-grid panel-no-style\" ><div id=\"pgc-3949-11-0\"  class=\"panel-grid-cell\" ><div id=\"panel-3949-11-0-0\" class=\"so-panel widget widget_sow-image panel-first-child panel-last-child\" data-index=\"17\" ><div\n\t\t\t\n\t\t\tclass=\"so-widget-sow-image so-widget-sow-image-default-113ccd71f3e6-3949\"\n\t\t\t\n\t\t>\n<div class=\"sow-image-container\">\n\t\t<img \n\tsrc=\"https:\/\/filharmoniapoznanska.pl\/wp-content\/uploads\/2019\/02\/anna_siniecka.jpg\" width=\"102\" height=\"102\" sizes=\"(max-width: 102px) 100vw, 102px\" alt=\"Anna SINIECKA\" \t\tclass=\"so-widget-image\"\/>\n\t<\/div>\n\n<\/div><\/div><\/div><div id=\"pgc-3949-11-1\"  class=\"panel-grid-cell\" ><div id=\"panel-3949-11-1-0\" class=\"so-panel widget widget_sow-editor panel-first-child panel-last-child\" data-index=\"18\" ><div class=\"text-xs-center panel-widget-style panel-widget-style-for-3949-11-1-0\" ><div\n\t\t\t\n\t\t\tclass=\"so-widget-sow-editor so-widget-sow-editor-base\"\n\t\t\t\n\t\t>\n<div class=\"siteorigin-widget-tinymce textwidget\">\n\t<p class=\"name\"><span style=\"color: #000000;\"><strong>Anna<span class=\"uppercase\">\u00a0SINIECKA<\/span><\/strong><\/span><br \/>\nSpecialist, Audience Relations Dept.<br \/>\nTicket Clerk<br \/>\n<a class=\"%%MAIL-CLASS1%%\" href=\"mailto:kasa@filharmoniapoznanska.pl\">kasa@filharmoniapoznanska.pl<\/a><\/p>\n<\/div>\n<\/div><\/div><\/div><\/div><\/div><div id=\"pg-3949-12\"  class=\"panel-grid panel-has-style\" ><div class=\"text-xs-center panel-row-style panel-row-style-for-3949-12\" ><div id=\"pgc-3949-12-0\"  class=\"panel-grid-cell\" ><div id=\"panel-3949-12-0-0\" class=\"so-panel widget widget_sow-editor panel-first-child panel-last-child\" data-index=\"19\" ><div\n\t\t\t\n\t\t\tclass=\"so-widget-sow-editor so-widget-sow-editor-base\"\n\t\t\t\n\t\t>\n<div class=\"siteorigin-widget-tinymce textwidget\">\n\t<p><span style=\"color: #9d000e;\"><strong>Administrative Dept. and Secretary\u2019s Office<\/strong><\/span><\/p>\n<\/div>\n<\/div><\/div><\/div><\/div><\/div><div id=\"pg-3949-13\"  class=\"panel-grid panel-no-style\" ><div id=\"pgc-3949-13-0\"  class=\"panel-grid-cell\" ><div id=\"panel-3949-13-0-0\" class=\"so-panel widget widget_sow-image panel-first-child panel-last-child\" data-index=\"20\" ><div\n\t\t\t\n\t\t\tclass=\"so-widget-sow-image so-widget-sow-image-default-113ccd71f3e6-3949\"\n\t\t\t\n\t\t>\n<div class=\"sow-image-container\">\n\t\t<img \n\tsrc=\"https:\/\/filharmoniapoznanska.pl\/wp-content\/uploads\/2022\/11\/Kierzynska-Malgorzata-czarno-biale-e1668071197146.jpg\" width=\"827\" height=\"1063\" sizes=\"(max-width: 827px) 100vw, 827px\" title=\"Kierzy\u0144ska Ma\u0142gorzata-czarno-bia\u0142e\" alt=\"Ma\u0142gorzata KIERZY\u0143SKA\" \t\tclass=\"so-widget-image\"\/>\n\t<\/div>\n\n<\/div><\/div><\/div><div id=\"pgc-3949-13-1\"  class=\"panel-grid-cell\" ><div id=\"panel-3949-13-1-0\" class=\"so-panel widget widget_sow-editor panel-first-child panel-last-child\" data-index=\"21\" ><div class=\"text-xs-center panel-widget-style panel-widget-style-for-3949-13-1-0\" ><div\n\t\t\t\n\t\t\tclass=\"so-widget-sow-editor so-widget-sow-editor-base\"\n\t\t\t\n\t\t>\n<div class=\"siteorigin-widget-tinymce textwidget\">\n\t<p class=\"name\"><strong><span class=\"uppercase\"><span style=\"color: #000000;\">Ma\u0142gorzata KIERZY\u0143SKA<\/span><br \/>\n<\/span><\/strong>Manager, Administrative Dept.<br \/>\nSecretary\u2019s Office<br \/>\n<a href=\"mailto:sekretariat@filharmoniapoznanska.pl\">sekretariat@filharmoniapoznanska.pl<\/a><\/p>\n<\/div>\n<\/div><\/div><\/div><\/div><\/div><\/div>","protected":false},"excerpt":{"rendered":"<p>Accounting Dept. Ma\u0142gorzata\u00a0BARTOL-KRZEMKOWSKA Chief Accountant mkrzemkowska@filharmoniapoznanska.pl<\/p>\n","protected":false},"author":1,"featured_media":0,"parent":3920,"menu_order":0,"comment_status":"closed","ping_status":"closed","template":"","meta":{"_acf_changed":false,"footnotes":""},"class_list":["post-3949","page","type-page","status-publish","hentry"],"acf":[],"yoast_head":"<!-- This site is optimized with the Yoast SEO plugin v27.5 - https:\/\/yoast.com\/product\/yoast-seo-wordpress\/ -->\n<title>Filharmonia Pozna\u0144ska - departmens and their heads<\/title>\n<meta name=\"robots\" content=\"index, follow, max-snippet:-1, max-image-preview:large, max-video-preview:-1\" \/>\n<link rel=\"canonical\" href=\"https:\/\/filharmoniapoznanska.pl\/en\/contact-us\/departmens-and-their-heads\/\" \/>\n<meta property=\"og:locale\" content=\"en_US\" \/>\n<meta property=\"og:type\" content=\"article\" \/>\n<meta property=\"og:title\" content=\"Filharmonia Pozna\u0144ska - departmens and their heads\" \/>\n<meta property=\"og:description\" content=\"Accounting Dept. Ma\u0142gorzata\u00a0BARTOL-KRZEMKOWSKA Chief Accountant mkrzemkowska@filharmoniapoznanska.pl\" \/>\n<meta property=\"og:url\" content=\"https:\/\/filharmoniapoznanska.pl\/en\/contact-us\/departmens-and-their-heads\/\" \/>\n<meta property=\"og:site_name\" content=\"Filharmonia Pozna\u0144ska\" \/>\n<meta property=\"article:modified_time\" content=\"2023-06-22T18:17:44+00:00\" \/>\n<meta name=\"twitter:card\" content=\"summary_large_image\" \/>\n<meta name=\"twitter:label1\" content=\"Est. reading time\" \/>\n\t<meta name=\"twitter:data1\" content=\"1 minute\" \/>\n<script type=\"application\/ld+json\" class=\"yoast-schema-graph\">{\"@context\":\"https:\\\/\\\/schema.org\",\"@graph\":[{\"@type\":\"WebPage\",\"@id\":\"https:\\\/\\\/filharmoniapoznanska.pl\\\/en\\\/contact-us\\\/departmens-and-their-heads\\\/\",\"url\":\"https:\\\/\\\/filharmoniapoznanska.pl\\\/en\\\/contact-us\\\/departmens-and-their-heads\\\/\",\"name\":\"Filharmonia Pozna\u0144ska - departmens and their heads\",\"isPartOf\":{\"@id\":\"https:\\\/\\\/filharmoniapoznanska.pl\\\/#website\"},\"datePublished\":\"2019-01-30T08:38:14+00:00\",\"dateModified\":\"2023-06-22T18:17:44+00:00\",\"breadcrumb\":{\"@id\":\"https:\\\/\\\/filharmoniapoznanska.pl\\\/en\\\/contact-us\\\/departmens-and-their-heads\\\/#breadcrumb\"},\"inLanguage\":\"en-US\",\"potentialAction\":[{\"@type\":\"ReadAction\",\"target\":[\"https:\\\/\\\/filharmoniapoznanska.pl\\\/en\\\/contact-us\\\/departmens-and-their-heads\\\/\"]}]},{\"@type\":\"BreadcrumbList\",\"@id\":\"https:\\\/\\\/filharmoniapoznanska.pl\\\/en\\\/contact-us\\\/departmens-and-their-heads\\\/#breadcrumb\",\"itemListElement\":[{\"@type\":\"ListItem\",\"position\":1,\"name\":\"Strona g\u0142\u00f3wna\",\"item\":\"https:\\\/\\\/filharmoniapoznanska.pl\\\/en\\\/\"},{\"@type\":\"ListItem\",\"position\":2,\"name\":\"Contact us\",\"item\":\"https:\\\/\\\/filharmoniapoznanska.pl\\\/en\\\/contact-us\\\/\"},{\"@type\":\"ListItem\",\"position\":3,\"name\":\"departmens and their heads\"}]},{\"@type\":\"WebSite\",\"@id\":\"https:\\\/\\\/filharmoniapoznanska.pl\\\/#website\",\"url\":\"https:\\\/\\\/filharmoniapoznanska.pl\\\/\",\"name\":\"Filharmonia Pozna\u0144ska\",\"description\":\"\",\"potentialAction\":[{\"@type\":\"SearchAction\",\"target\":{\"@type\":\"EntryPoint\",\"urlTemplate\":\"https:\\\/\\\/filharmoniapoznanska.pl\\\/?s={search_term_string}\"},\"query-input\":{\"@type\":\"PropertyValueSpecification\",\"valueRequired\":true,\"valueName\":\"search_term_string\"}}],\"inLanguage\":\"en-US\"}]}<\/script>\n<!-- \/ Yoast SEO plugin. -->","yoast_head_json":{"title":"Filharmonia Pozna\u0144ska - departmens and their heads","robots":{"index":"index","follow":"follow","max-snippet":"max-snippet:-1","max-image-preview":"max-image-preview:large","max-video-preview":"max-video-preview:-1"},"canonical":"https:\/\/filharmoniapoznanska.pl\/en\/contact-us\/departmens-and-their-heads\/","og_locale":"en_US","og_type":"article","og_title":"Filharmonia Pozna\u0144ska - departmens and their heads","og_description":"Accounting Dept. Ma\u0142gorzata\u00a0BARTOL-KRZEMKOWSKA Chief Accountant mkrzemkowska@filharmoniapoznanska.pl","og_url":"https:\/\/filharmoniapoznanska.pl\/en\/contact-us\/departmens-and-their-heads\/","og_site_name":"Filharmonia Pozna\u0144ska","article_modified_time":"2023-06-22T18:17:44+00:00","twitter_card":"summary_large_image","twitter_misc":{"Est. reading time":"1 minute"},"schema":{"@context":"https:\/\/schema.org","@graph":[{"@type":"WebPage","@id":"https:\/\/filharmoniapoznanska.pl\/en\/contact-us\/departmens-and-their-heads\/","url":"https:\/\/filharmoniapoznanska.pl\/en\/contact-us\/departmens-and-their-heads\/","name":"Filharmonia Pozna\u0144ska - departmens and their heads","isPartOf":{"@id":"https:\/\/filharmoniapoznanska.pl\/#website"},"datePublished":"2019-01-30T08:38:14+00:00","dateModified":"2023-06-22T18:17:44+00:00","breadcrumb":{"@id":"https:\/\/filharmoniapoznanska.pl\/en\/contact-us\/departmens-and-their-heads\/#breadcrumb"},"inLanguage":"en-US","potentialAction":[{"@type":"ReadAction","target":["https:\/\/filharmoniapoznanska.pl\/en\/contact-us\/departmens-and-their-heads\/"]}]},{"@type":"BreadcrumbList","@id":"https:\/\/filharmoniapoznanska.pl\/en\/contact-us\/departmens-and-their-heads\/#breadcrumb","itemListElement":[{"@type":"ListItem","position":1,"name":"Strona g\u0142\u00f3wna","item":"https:\/\/filharmoniapoznanska.pl\/en\/"},{"@type":"ListItem","position":2,"name":"Contact us","item":"https:\/\/filharmoniapoznanska.pl\/en\/contact-us\/"},{"@type":"ListItem","position":3,"name":"departmens and their heads"}]},{"@type":"WebSite","@id":"https:\/\/filharmoniapoznanska.pl\/#website","url":"https:\/\/filharmoniapoznanska.pl\/","name":"Filharmonia Pozna\u0144ska","description":"","potentialAction":[{"@type":"SearchAction","target":{"@type":"EntryPoint","urlTemplate":"https:\/\/filharmoniapoznanska.pl\/?s={search_term_string}"},"query-input":{"@type":"PropertyValueSpecification","valueRequired":true,"valueName":"search_term_string"}}],"inLanguage":"en-US"}]}},"_links":{"self":[{"href":"https:\/\/filharmoniapoznanska.pl\/en\/wp-json\/wp\/v2\/pages\/3949","targetHints":{"allow":["GET"]}}],"collection":[{"href":"https:\/\/filharmoniapoznanska.pl\/en\/wp-json\/wp\/v2\/pages"}],"about":[{"href":"https:\/\/filharmoniapoznanska.pl\/en\/wp-json\/wp\/v2\/types\/page"}],"author":[{"embeddable":true,"href":"https:\/\/filharmoniapoznanska.pl\/en\/wp-json\/wp\/v2\/users\/1"}],"replies":[{"embeddable":true,"href":"https:\/\/filharmoniapoznanska.pl\/en\/wp-json\/wp\/v2\/comments?post=3949"}],"version-history":[{"count":21,"href":"https:\/\/filharmoniapoznanska.pl\/en\/wp-json\/wp\/v2\/pages\/3949\/revisions"}],"predecessor-version":[{"id":27179,"href":"https:\/\/filharmoniapoznanska.pl\/en\/wp-json\/wp\/v2\/pages\/3949\/revisions\/27179"}],"up":[{"embeddable":true,"href":"https:\/\/filharmoniapoznanska.pl\/en\/wp-json\/wp\/v2\/pages\/3920"}],"wp:attachment":[{"href":"https:\/\/filharmoniapoznanska.pl\/en\/wp-json\/wp\/v2\/media?parent=3949"}],"curies":[{"name":"wp","href":"https:\/\/api.w.org\/{rel}","templated":true}]}}