{"id":20381,"date":"2019-04-18T13:14:50","date_gmt":"2019-04-18T11:14:50","guid":{"rendered":"https:\/\/filharmoniapoznanska.pl\/philharmonic\/conductors\/lukasz-borowicz\/"},"modified":"2023-04-20T11:07:48","modified_gmt":"2023-04-20T09:07:48","slug":"lukasz-borowicz","status":"publish","type":"page","link":"https:\/\/filharmoniapoznanska.pl\/en\/philharmonic\/conductors\/lukasz-borowicz\/","title":{"rendered":"\u0141ukasz BOROWICZ"},"content":{"rendered":"<div id=\"pl-20381\"  class=\"panel-layout\" ><div id=\"pg-20381-0\"  class=\"panel-grid panel-no-style\" ><div id=\"pgc-20381-0-0\"  class=\"panel-grid-cell\" ><div id=\"panel-20381-0-0-0\" class=\"so-panel widget widget_sow-image panel-first-child panel-last-child\" data-index=\"0\" ><div\n\t\t\t\n\t\t\tclass=\"so-widget-sow-image so-widget-sow-image-default-c67d20f9f743-20381\"\n\t\t\t\n\t\t>\n<div class=\"sow-image-container\">\n\t\t<img \n\tsrc=\"https:\/\/filharmoniapoznanska.pl\/wp-content\/uploads\/2019\/02\/Borowicz-\u0141ukasz-nowe-e1598963349483.jpeg\" width=\"2000\" height=\"2000\" srcset=\"https:\/\/filharmoniapoznanska.pl\/wp-content\/uploads\/2019\/02\/Borowicz-\u0141ukasz-nowe-e1598963349483.jpeg 2000w, https:\/\/filharmoniapoznanska.pl\/wp-content\/uploads\/2019\/02\/Borowicz-\u0141ukasz-nowe-e1598963349483-300x300.jpeg 300w, https:\/\/filharmoniapoznanska.pl\/wp-content\/uploads\/2019\/02\/Borowicz-\u0141ukasz-nowe-e1598963349483-940x940.jpeg 940w, https:\/\/filharmoniapoznanska.pl\/wp-content\/uploads\/2019\/02\/Borowicz-\u0141ukasz-nowe-e1598963349483-150x150.jpeg 150w, https:\/\/filharmoniapoznanska.pl\/wp-content\/uploads\/2019\/02\/Borowicz-\u0141ukasz-nowe-e1598963349483-768x768.jpeg 768w, https:\/\/filharmoniapoznanska.pl\/wp-content\/uploads\/2019\/02\/Borowicz-\u0141ukasz-nowe-e1598963349483-1536x1536.jpeg 1536w, https:\/\/filharmoniapoznanska.pl\/wp-content\/uploads\/2019\/02\/Borowicz-\u0141ukasz-nowe-e1598963349483-102x102.jpeg 102w, https:\/\/filharmoniapoznanska.pl\/wp-content\/uploads\/2019\/02\/Borowicz-\u0141ukasz-nowe-e1598963349483-200x200.jpeg 200w, https:\/\/filharmoniapoznanska.pl\/wp-content\/uploads\/2019\/02\/Borowicz-\u0141ukasz-nowe-e1598963349483-370x370.jpeg 370w\" sizes=\"(max-width: 2000px) 100vw, 2000px\" title=\"Borowicz \u0141ukasz nowe\" alt=\"\u0141ukasz BOROWICZ \" \t\tclass=\"so-widget-image\"\/>\n\t<\/div>\n\n<\/div><\/div><\/div><div id=\"pgc-20381-0-1\"  class=\"panel-grid-cell\" ><div id=\"panel-20381-0-1-0\" class=\"so-panel widget widget_sow-editor panel-first-child panel-last-child\" data-index=\"1\" ><div\n\t\t\t\n\t\t\tclass=\"so-widget-sow-editor so-widget-sow-editor-base\"\n\t\t\t\n\t\t>\n<div class=\"siteorigin-widget-tinymce textwidget\">\n\t<p><span style=\"color: #000000;\"><strong>\u0141ukasz BOROWICZ<\/strong><\/span><br \/>\nMusic Director and Chief Conductor of the Pozna\u0144 Philharmonic Orchestra<\/p>\n<p data-uw-styling-context=\"true\">Chief Conductor of the Pozna\u0144 Philharmonic Orchestra, and Music Director of the Pozna\u0144 Philharmonic (since 2021-2022 season), \u0141ukasz Borowicz was born in 1977 in Warsaw. Studied with Bogus\u0142aw Madey at the Fryderyk Chopin Music Academy in Warsaw where he received doctorate in conducting under Antoni Wit. Between 2007 and 2015, he was Artistic Director of the Polish Radio Orchestra, and First Guest Conductor of the Pozna\u0144 Philharmonic Orchestra (2006-2021).<\/p>\n<p data-uw-styling-context=\"true\">In 2008, he was awarded the\u00a0<i data-uw-styling-context=\"true\">Passport<\/i>\u00a0prize of \u201cPolityka\u201d magazine, in 2011 \u2013 the\u00a0<i data-uw-styling-context=\"true\">Coryphaeus of Polish Music<\/i>prize<i data-uw-styling-context=\"true\">,<\/i>\u00a0in 2013 \u2013 the\u00a0<i data-uw-styling-context=\"true\">Cyprian Kamil Norwid Prize,\u00a0<\/i>and in 2014\u00a0<i data-uw-styling-context=\"true\">\u2013\u00a0<\/i>the\u00a0<i data-uw-styling-context=\"true\">Tansman 2014\u00a0<\/i>prize for outstanding musical personality.<\/p>\n<p data-uw-styling-context=\"true\">Following his operatic debut with Wolfgang Amadeus Mozart\u2019s\u00a0<i data-uw-styling-context=\"true\">Don Giovanni\u00a0<\/i>at the National Opera in Warsaw, he has conducted over 180 opera and ballet performances at the venue, incl. premieres of\u00a0<i data-uw-styling-context=\"true\">Orfeo ed Euridice<\/i>\u00a0by Christoph Willibald Gluck,\u00a0<i data-uw-styling-context=\"true\">The Rite of Spring\u00a0<\/i>by Igor Stravinsky,\u00a0<i data-uw-styling-context=\"true\">Midsummer\u2019s Night Dream\u00a0<\/i>by Felix Mendelssohn Bartholdy and Gy\u00f6rgy Ligeti,\u00a0<i data-uw-styling-context=\"true\">Romeo and Juliet\u00a0<\/i>by Sergey Prokofiev, and\u00a0<i data-uw-styling-context=\"true\">Balety Polskie<\/i>. Has also conducted premiere performances of\u00a0<i data-uw-styling-context=\"true\">Don Giovanni<\/i>\u00a0by Wolfgang Amadeus Mozart,\u00a0<i data-uw-styling-context=\"true\">Eug\u00e8ne Onegin\u00a0<\/i>by Pyotr Tchaikovsky, Stanis\u0142aw Moniuszko\u2019s\u00a0<i data-uw-styling-context=\"true\">Halka\u00a0<\/i>and Karol Szymanowski\u2019s\u00a0<i data-uw-styling-context=\"true\">Kr\u00f3l R<\/i>oger at the Cracow Opera,\u00a0<i data-uw-styling-context=\"true\">Die Zauberfl\u00f6te<\/i>\u00a0by Wolfgang Amadeus Mozart,\u00a0<i data-uw-styling-context=\"true\">Rusalka\u00a0<\/i>by Antonin Dvo\u0159\u00e1k,\u00a0<i data-uw-styling-context=\"true\">Bluebeard\u2019s Castle\u00a0<\/i>by Bela Bart\u00f3k and\u00a0<i data-uw-styling-context=\"true\">Dido and Aeneas\u00a0<\/i>by Henry Purcell at the Wielki Theatre in \u0141\u00f3d\u017a, as well as Karol Szymanowski\u2019s\u00a0<i data-uw-styling-context=\"true\">King Roger\u00a0<\/i>at ABAO Opera in Bilbao, and\u00a0<i data-uw-styling-context=\"true\">Don Giovanni\u00a0<\/i>by Wolfgang Amadeus Mozart at the Polish Royal Opera. At subsequent editions of Ludwig van Beethoven Easter Festival, he has presented and recorded thirteen forgotten operas. \u0141ukasz Borowicz has also conducted concerts at festivals in Pesaro (recital by Ewa Podle\u015b), and Schleswig-Holstein (<i data-uw-styling-context=\"true\">Halka<\/i>\u00a0by Stanis\u0142aw Moniuszko with the NDR Orchestra). In October 2018, he conducted the performance of\u00a0<i data-uw-styling-context=\"true\">Les Huguenots<\/i>\u00a0by Giacomo Meyerbeer at the Op\u00e9ra Bastille to become the first Polish conductor in the history of the Paris Opera. In December 2019, he conducted the premiere performance of\u00a0<i data-uw-styling-context=\"true\">Halka\u00a0<\/i>by<i>\u00a0<\/i>Stanis\u0142aw Moniuszko at the Theater and der Wien. Directed by Mariusz Treli\u0144ski, it featured the tenor Piotr Becza\u0142a (Polish premiere of the production was held at the National Opera in Warsaw in February 2020).<\/p>\n<p data-uw-styling-context=\"true\">\u0141ukasz Borowicz has conducted numerous orchestras, incl. the Israel Philharmonic Orchestra, Royal Philharmonic Orchestra, Konzerthausorchester Berlin, NDR Radiophilharmonie Hannover, MDR Sinfonieorchester Leipzig, SWR Sinfonieorchester Stuttgart, D\u00fcsseldorfer Symphoniker, Hamburger Symphoniker, Lucerne Symphony Orchestra, as well as the majority of Polish symphony ensembles.<\/p>\n<p data-uw-styling-context=\"true\">Between 2015 and 2020, his collaborations incl. the London Philharmonic Orchestra, BBC Scottish Symphony Orchestra, RIAS Kammerchor and Akademie f\u00fcr Alte Musik, Deutche Symphonie-Orchester Berlin, Bamberger Symphoniker, G\u00fcrzenich K\u00f6ln, Deutsche Staatsphilharmonie Rheinland-Pfalz, W\u00fcrttembergische Philharmonie Reutlingen, NWD Philharmonie Herford, Orchestre Symphonique et Lyrique de Nancy, Orchestre National des Pays de Loire, Orchestre National de Lille, National Philharmonic Orchestra of Hungary, Czech Radio Orchestra, Orchestra Classica Santa Cecilia Madrid, Orchestra della Svizzera Italiana, Philharmonie Zuidnederland, Trondheim Symphony Orchestra, Los Angeles Philharmonic New Music Group, Queensland Symphony Orchestra, and Luxembourg Philharmonic Orchestra.<\/p>\n<p data-uw-styling-context=\"true\">\u0141ukasz Borowicz\u2019s discography comprises 110 albums. He has recorded the complete violin concertos by Gra\u017cyna Bacewicz for Chandos (with soloist Joanna Kurkowicz). The complete symphonic works by Andrzej Panufnik recorded with the Polish Radio Orchestra and the Konzerthausorchester Berlin for\u00a0<i data-uw-styling-context=\"true\">cpo<\/i>\u00a0have been recognised with the\u00a0<i data-uw-styling-context=\"true\">Special Achievement Award ICMA 2015.<\/i>\u00a0His collaboration with Piotr Becza\u0142a on the Deutsche Grammophon recording of\u00a0<i data-uw-styling-context=\"true\">Heart\u2019s Delight\u00a0<\/i>(with the Royal Philharmonic Orchestra) has certified Gold in Poland.<\/p>\n<p data-uw-styling-context=\"true\">With the Pozna\u0144 Philharmonic Orchestra \u0141ukasz Borowicz has made recordings of works by Karol Kurpi\u0144ski (for Polskie Radio), Franz Xaver Scharwenka (for Naxos), opera recitals by Samuel Ramey (for Polskie Radio) and Francesco Meli (for Polskie Nagrania), as well as concert performance of Giuseppe Verdi\u2019s\u00a0<i data-uw-styling-context=\"true\">Giovanna d\u2019Arco<\/i>\u00a0(for Polskie Nagrania). In 2015, the CD\u00a0<i data-uw-styling-context=\"true\">Stars of World Opera Stages: Ewa Podle\u015b. Live with the Pozna\u0144 Philharmonic Orchestra\u00a0<\/i>(recorded by DUX at a concert in Pozna\u0144) was awarded the\u00a0<i data-uw-styling-context=\"true\">L\u2019Orph\u00e9e d\u2019Or<\/i>\u00a0by the French Acad\u00e9mie du Disque Lyrique. In 2015, he recorded Jacek Sykulski\u2019s\u00a0<i data-uw-styling-context=\"true\">Oratorium 966.pl<\/i>\u00a0with the Pozna\u0144 Philharmonic Orchestra, and in 2016, the world\u2019s first CD of\u00a0<i data-uw-styling-context=\"true\">Quo vadis<\/i>\u00a0by Feliks Nowowiejski. Published in 2017 by the German record company\u00a0<i data-uw-styling-context=\"true\">cpo<\/i>, in 2018 it won the International Classical Music Award (ICMA).<span class=\"Apple-converted-space\">\u00a0<\/span><\/p>\n<p data-uw-styling-context=\"true\">\u0141ukasz Borowicz\u2019 recent recordings made with the Pozna\u0144 Philharmonic Orchestra include the opera\u00a0<i data-uw-styling-context=\"true\">Djamileh<\/i>by Georges Bizet, symphonies No. 2 and 3 by Feliks Nowowiejski, the two-CD album \u201cStanis\u0142aw Moniuszko, Cantatas<i data-uw-styling-context=\"true\">\u00a0Milda\/Nijo\u0142a<\/i>, the opera\u00a0<i data-uw-styling-context=\"true\">Paria\u00a0<\/i>by Stanis\u0142aw Moniuszko, the album \u201cConcerto symphonique pour piano et orchestre op. 62 \/Music from the opera\u00a0<i data-uw-styling-context=\"true\">Luisa di Monfort<\/i>\u201d by Micha\u0142 Bergson, the album\u00a0 \u201cViolin Concerto, Op. 70; Double Bass Concerto, Op. 26; III Symphony No. 3, Op. 29\u201d by Stefan Boles\u0142aw Poradowski as well as the operas\u00a0<i data-uw-styling-context=\"true\">Faniska\u00a0<\/i>by Luigi Cherubini and\u00a0<i data-uw-styling-context=\"true\">Kashchey the Immortal<\/i>\u00a0by Nikolai Rimsky-Korsakov, the album \u201cPiano Concerto in D minor, Op. 60\u00a0<em>Slavic;\u00a0<\/em>Cello Concerto, Op. 55\u2033 by Feliks Nowowiejski (all for DUX).<span class=\"Apple-converted-space\">\u00a0<\/span><\/p>\n<\/div>\n<\/div><\/div><\/div><\/div><\/div>","protected":false},"excerpt":{"rendered":"<p>\u0141ukasz BOROWICZ Music Director and Chief Conductor of the Pozna\u0144 Philharmonic Orchestra Chief Conductor of the Pozna\u0144 Philharmonic Orchestra, and Music Director of the Pozna\u0144 Philharmonic (since 2021-2022 season), \u0141ukasz Borowicz was born in 1977 in Warsaw. Studied with Bogus\u0142aw Madey at the Fryderyk Chopin Music Academy in Warsaw where he received doctorate in conducting [&hellip;]<\/p>\n","protected":false},"author":1,"featured_media":0,"parent":3960,"menu_order":0,"comment_status":"closed","ping_status":"closed","template":"","meta":{"_acf_changed":false,"footnotes":""},"class_list":["post-20381","page","type-page","status-publish","hentry"],"acf":[],"yoast_head":"<!-- This site is optimized with the Yoast SEO plugin v27.3 - https:\/\/yoast.com\/product\/yoast-seo-wordpress\/ -->\n<title>Filharmonia Pozna\u0144ska - \u0141ukasz BOROWICZ<\/title>\n<meta name=\"robots\" content=\"index, follow, max-snippet:-1, max-image-preview:large, max-video-preview:-1\" \/>\n<link rel=\"canonical\" href=\"https:\/\/filharmoniapoznanska.pl\/en\/philharmonic\/conductors\/lukasz-borowicz\/\" \/>\n<meta property=\"og:locale\" content=\"en_US\" \/>\n<meta property=\"og:type\" content=\"article\" \/>\n<meta property=\"og:title\" content=\"Filharmonia Pozna\u0144ska - \u0141ukasz BOROWICZ\" \/>\n<meta property=\"og:description\" content=\"\u0141ukasz BOROWICZ Music Director and Chief Conductor of the Pozna\u0144 Philharmonic Orchestra Chief Conductor of the Pozna\u0144 Philharmonic Orchestra, and Music Director of the Pozna\u0144 Philharmonic (since 2021-2022 season), \u0141ukasz Borowicz was born in 1977 in Warsaw. Studied with Bogus\u0142aw Madey at the Fryderyk Chopin Music Academy in Warsaw where he received doctorate in conducting [&hellip;]\" \/>\n<meta property=\"og:url\" content=\"https:\/\/filharmoniapoznanska.pl\/en\/philharmonic\/conductors\/lukasz-borowicz\/\" \/>\n<meta property=\"og:site_name\" content=\"Filharmonia Pozna\u0144ska\" \/>\n<meta property=\"article:modified_time\" content=\"2023-04-20T09:07:48+00:00\" \/>\n<meta name=\"twitter:card\" content=\"summary_large_image\" \/>\n<meta name=\"twitter:label1\" content=\"Est. reading time\" \/>\n\t<meta name=\"twitter:data1\" content=\"4 minutes\" \/>\n<script type=\"application\/ld+json\" class=\"yoast-schema-graph\">{\"@context\":\"https:\\\/\\\/schema.org\",\"@graph\":[{\"@type\":\"WebPage\",\"@id\":\"https:\\\/\\\/filharmoniapoznanska.pl\\\/en\\\/philharmonic\\\/conductors\\\/lukasz-borowicz\\\/\",\"url\":\"https:\\\/\\\/filharmoniapoznanska.pl\\\/en\\\/philharmonic\\\/conductors\\\/lukasz-borowicz\\\/\",\"name\":\"Filharmonia Pozna\u0144ska - \u0141ukasz BOROWICZ\",\"isPartOf\":{\"@id\":\"https:\\\/\\\/filharmoniapoznanska.pl\\\/#website\"},\"datePublished\":\"2019-04-18T11:14:50+00:00\",\"dateModified\":\"2023-04-20T09:07:48+00:00\",\"breadcrumb\":{\"@id\":\"https:\\\/\\\/filharmoniapoznanska.pl\\\/en\\\/philharmonic\\\/conductors\\\/lukasz-borowicz\\\/#breadcrumb\"},\"inLanguage\":\"en-US\",\"potentialAction\":[{\"@type\":\"ReadAction\",\"target\":[\"https:\\\/\\\/filharmoniapoznanska.pl\\\/en\\\/philharmonic\\\/conductors\\\/lukasz-borowicz\\\/\"]}]},{\"@type\":\"BreadcrumbList\",\"@id\":\"https:\\\/\\\/filharmoniapoznanska.pl\\\/en\\\/philharmonic\\\/conductors\\\/lukasz-borowicz\\\/#breadcrumb\",\"itemListElement\":[{\"@type\":\"ListItem\",\"position\":1,\"name\":\"Strona g\u0142\u00f3wna\",\"item\":\"https:\\\/\\\/filharmoniapoznanska.pl\\\/en\\\/\"},{\"@type\":\"ListItem\",\"position\":2,\"name\":\"Philharmonic\",\"item\":\"https:\\\/\\\/filharmoniapoznanska.pl\\\/en\\\/philharmonic\\\/\"},{\"@type\":\"ListItem\",\"position\":3,\"name\":\"conductors\",\"item\":\"https:\\\/\\\/filharmoniapoznanska.pl\\\/en\\\/philharmonic\\\/conductors\\\/\"},{\"@type\":\"ListItem\",\"position\":4,\"name\":\"\u0141ukasz BOROWICZ\"}]},{\"@type\":\"WebSite\",\"@id\":\"https:\\\/\\\/filharmoniapoznanska.pl\\\/#website\",\"url\":\"https:\\\/\\\/filharmoniapoznanska.pl\\\/\",\"name\":\"Filharmonia Pozna\u0144ska\",\"description\":\"\",\"potentialAction\":[{\"@type\":\"SearchAction\",\"target\":{\"@type\":\"EntryPoint\",\"urlTemplate\":\"https:\\\/\\\/filharmoniapoznanska.pl\\\/?s={search_term_string}\"},\"query-input\":{\"@type\":\"PropertyValueSpecification\",\"valueRequired\":true,\"valueName\":\"search_term_string\"}}],\"inLanguage\":\"en-US\"}]}<\/script>\n<!-- \/ Yoast SEO plugin. -->","yoast_head_json":{"title":"Filharmonia Pozna\u0144ska - \u0141ukasz BOROWICZ","robots":{"index":"index","follow":"follow","max-snippet":"max-snippet:-1","max-image-preview":"max-image-preview:large","max-video-preview":"max-video-preview:-1"},"canonical":"https:\/\/filharmoniapoznanska.pl\/en\/philharmonic\/conductors\/lukasz-borowicz\/","og_locale":"en_US","og_type":"article","og_title":"Filharmonia Pozna\u0144ska - \u0141ukasz BOROWICZ","og_description":"\u0141ukasz BOROWICZ Music Director and Chief Conductor of the Pozna\u0144 Philharmonic Orchestra Chief Conductor of the Pozna\u0144 Philharmonic Orchestra, and Music Director of the Pozna\u0144 Philharmonic (since 2021-2022 season), \u0141ukasz Borowicz was born in 1977 in Warsaw. Studied with Bogus\u0142aw Madey at the Fryderyk Chopin Music Academy in Warsaw where he received doctorate in conducting [&hellip;]","og_url":"https:\/\/filharmoniapoznanska.pl\/en\/philharmonic\/conductors\/lukasz-borowicz\/","og_site_name":"Filharmonia Pozna\u0144ska","article_modified_time":"2023-04-20T09:07:48+00:00","twitter_card":"summary_large_image","twitter_misc":{"Est. reading time":"4 minutes"},"schema":{"@context":"https:\/\/schema.org","@graph":[{"@type":"WebPage","@id":"https:\/\/filharmoniapoznanska.pl\/en\/philharmonic\/conductors\/lukasz-borowicz\/","url":"https:\/\/filharmoniapoznanska.pl\/en\/philharmonic\/conductors\/lukasz-borowicz\/","name":"Filharmonia Pozna\u0144ska - \u0141ukasz BOROWICZ","isPartOf":{"@id":"https:\/\/filharmoniapoznanska.pl\/#website"},"datePublished":"2019-04-18T11:14:50+00:00","dateModified":"2023-04-20T09:07:48+00:00","breadcrumb":{"@id":"https:\/\/filharmoniapoznanska.pl\/en\/philharmonic\/conductors\/lukasz-borowicz\/#breadcrumb"},"inLanguage":"en-US","potentialAction":[{"@type":"ReadAction","target":["https:\/\/filharmoniapoznanska.pl\/en\/philharmonic\/conductors\/lukasz-borowicz\/"]}]},{"@type":"BreadcrumbList","@id":"https:\/\/filharmoniapoznanska.pl\/en\/philharmonic\/conductors\/lukasz-borowicz\/#breadcrumb","itemListElement":[{"@type":"ListItem","position":1,"name":"Strona g\u0142\u00f3wna","item":"https:\/\/filharmoniapoznanska.pl\/en\/"},{"@type":"ListItem","position":2,"name":"Philharmonic","item":"https:\/\/filharmoniapoznanska.pl\/en\/philharmonic\/"},{"@type":"ListItem","position":3,"name":"conductors","item":"https:\/\/filharmoniapoznanska.pl\/en\/philharmonic\/conductors\/"},{"@type":"ListItem","position":4,"name":"\u0141ukasz BOROWICZ"}]},{"@type":"WebSite","@id":"https:\/\/filharmoniapoznanska.pl\/#website","url":"https:\/\/filharmoniapoznanska.pl\/","name":"Filharmonia Pozna\u0144ska","description":"","potentialAction":[{"@type":"SearchAction","target":{"@type":"EntryPoint","urlTemplate":"https:\/\/filharmoniapoznanska.pl\/?s={search_term_string}"},"query-input":{"@type":"PropertyValueSpecification","valueRequired":true,"valueName":"search_term_string"}}],"inLanguage":"en-US"}]}},"_links":{"self":[{"href":"https:\/\/filharmoniapoznanska.pl\/en\/wp-json\/wp\/v2\/pages\/20381","targetHints":{"allow":["GET"]}}],"collection":[{"href":"https:\/\/filharmoniapoznanska.pl\/en\/wp-json\/wp\/v2\/pages"}],"about":[{"href":"https:\/\/filharmoniapoznanska.pl\/en\/wp-json\/wp\/v2\/types\/page"}],"author":[{"embeddable":true,"href":"https:\/\/filharmoniapoznanska.pl\/en\/wp-json\/wp\/v2\/users\/1"}],"replies":[{"embeddable":true,"href":"https:\/\/filharmoniapoznanska.pl\/en\/wp-json\/wp\/v2\/comments?post=20381"}],"version-history":[{"count":13,"href":"https:\/\/filharmoniapoznanska.pl\/en\/wp-json\/wp\/v2\/pages\/20381\/revisions"}],"predecessor-version":[{"id":26368,"href":"https:\/\/filharmoniapoznanska.pl\/en\/wp-json\/wp\/v2\/pages\/20381\/revisions\/26368"}],"up":[{"embeddable":true,"href":"https:\/\/filharmoniapoznanska.pl\/en\/wp-json\/wp\/v2\/pages\/3960"}],"wp:attachment":[{"href":"https:\/\/filharmoniapoznanska.pl\/en\/wp-json\/wp\/v2\/media?parent=20381"}],"curies":[{"name":"wp","href":"https:\/\/api.w.org\/{rel}","templated":true}]}}